{"id":22,"date":"2026-03-09T10:50:33","date_gmt":"2026-03-09T10:50:33","guid":{"rendered":"https:\/\/bexiroq.space\/?page_id=22"},"modified":"2026-03-09T10:50:36","modified_gmt":"2026-03-09T10:50:36","slug":"pagina-de-contactos","status":"publish","type":"page","link":"https:\/\/bexiroq.space\/?page_id=22","title":{"rendered":"P\u00e1gina de contactos"},"content":{"rendered":"\n<p>Estamos sediados em Faro e trabalhamos com uma equipa pequena e focada para dar a m\u00e1xima aten\u00e7\u00e3o a cada projeto de marketing local. Se pretende melhorar a visibilidade do seu neg\u00f3cio ou profissionalizar a sua comunica\u00e7\u00e3o digital utilize os meios abaixo para falar connosco.<\/p>\n\n\n\n<p><strong>Hor\u00e1rio de funcionamento<\/strong><br>De segunda a sexta feira das 09:00 \u00e0s 13:00 e das 14:30 \u00e0s 18:30<br>S\u00e1bados apenas por marca\u00e7\u00e3o pr\u00e9via para reuni\u00f5es de consultoria<\/p>\n\n\n\n<p><strong>Como chegar at\u00e9 n\u00f3s<\/strong><br>Morada: <strong>Estr. da Penha 150 C, 8005-138 Faro<\/strong><\/p>\n\n\n\n<p><strong>Conversar com a equipa<\/strong><br>Telefone fixo: <strong>+351-912-017-294<\/strong><br>Endere\u00e7o de e mail: <strong>mail@bexiroq.space<\/strong><\/p>\n\n\n\n<p>Estamos prontos para analisar o seu caso e apresentar solu\u00e7\u00f5es pr\u00e1ticas que tragam resultados reais para a sua empresa no Algarve.<\/p>\n","protected":false},"excerpt":{"rendered":"<p>Estamos sediados em Faro e trabalhamos com uma equipa pequena e focada para dar a m\u00e1xima aten\u00e7\u00e3o a cada projeto de marketing local. Se pretende melhorar a visibilidade do seu neg\u00f3cio ou profissionalizar a sua comunica\u00e7\u00e3o digital utilize os meios abaixo para falar connosco. Hor\u00e1rio de funcionamentoDe segunda a sexta feira das 09:00 \u00e0s 13:00 [&hellip;]<\/p>\n","protected":false},"author":1,"featured_media":0,"parent":0,"menu_order":5,"comment_status":"closed","ping_status":"closed","template":"","meta":{"footnotes":""},"class_list":["post-22","page","type-page","status-publish","hentry"],"_links":{"self":[{"href":"https:\/\/bexiroq.space\/index.php?rest_route=\/wp\/v2\/pages\/22","targetHints":{"allow":["GET"]}}],"collection":[{"href":"https:\/\/bexiroq.space\/index.php?rest_route=\/wp\/v2\/pages"}],"about":[{"href":"https:\/\/bexiroq.space\/index.php?rest_route=\/wp\/v2\/types\/page"}],"author":[{"embeddable":true,"href":"https:\/\/bexiroq.space\/index.php?rest_route=\/wp\/v2\/users\/1"}],"replies":[{"embeddable":true,"href":"https:\/\/bexiroq.space\/index.php?rest_route=%2Fwp%2Fv2%2Fcomments&post=22"}],"version-history":[{"count":1,"href":"https:\/\/bexiroq.space\/index.php?rest_route=\/wp\/v2\/pages\/22\/revisions"}],"predecessor-version":[{"id":23,"href":"https:\/\/bexiroq.space\/index.php?rest_route=\/wp\/v2\/pages\/22\/revisions\/23"}],"wp:attachment":[{"href":"https:\/\/bexiroq.space\/index.php?rest_route=%2Fwp%2Fv2%2Fmedia&parent=22"}],"curies":[{"name":"wp","href":"https:\/\/api.w.org\/{rel}","templated":true}]}}